{"id":854,"date":"2020-02-17T17:37:37","date_gmt":"2020-02-17T16:37:37","guid":{"rendered":"https:\/\/www.proyectohombreprovinciacadiz.org\/?page_id=854"},"modified":"2020-02-17T19:53:27","modified_gmt":"2020-02-17T18:53:27","slug":"aviso-legal","status":"publish","type":"page","link":"https:\/\/www.proyectohombreprovinciacadiz.org\/index.php\/aviso-legal\/","title":{"rendered":"Aviso legal"},"content":{"rendered":"\t\t<div data-elementor-type=\"wp-page\" data-elementor-id=\"854\" class=\"elementor elementor-854\" data-elementor-post-type=\"page\">\n\t\t\t\t\t\t<section class=\"elementor-section elementor-top-section elementor-element elementor-element-084e805 elementor-section-boxed elementor-section-height-default elementor-section-height-default\" data-id=\"084e805\" data-element_type=\"section\" data-settings=\"{&quot;jet_parallax_layout_list&quot;:[{&quot;jet_parallax_layout_image&quot;:{&quot;url&quot;:&quot;&quot;,&quot;id&quot;:&quot;&quot;,&quot;size&quot;:&quot;&quot;},&quot;_id&quot;:&quot;b04dccb&quot;,&quot;jet_parallax_layout_image_tablet&quot;:{&quot;url&quot;:&quot;&quot;,&quot;id&quot;:&quot;&quot;,&quot;size&quot;:&quot;&quot;},&quot;jet_parallax_layout_image_mobile&quot;:{&quot;url&quot;:&quot;&quot;,&quot;id&quot;:&quot;&quot;,&quot;size&quot;:&quot;&quot;},&quot;jet_parallax_layout_speed&quot;:{&quot;unit&quot;:&quot;%&quot;,&quot;size&quot;:50,&quot;sizes&quot;:[]},&quot;jet_parallax_layout_type&quot;:&quot;scroll&quot;,&quot;jet_parallax_layout_direction&quot;:null,&quot;jet_parallax_layout_fx_direction&quot;:null,&quot;jet_parallax_layout_z_index&quot;:&quot;&quot;,&quot;jet_parallax_layout_bg_x&quot;:50,&quot;jet_parallax_layout_bg_y&quot;:50,&quot;jet_parallax_layout_bg_size&quot;:&quot;auto&quot;,&quot;jet_parallax_layout_animation_prop&quot;:&quot;transform&quot;,&quot;jet_parallax_layout_on&quot;:[&quot;desktop&quot;,&quot;tablet&quot;],&quot;jet_parallax_layout_bg_x_tablet&quot;:&quot;&quot;,&quot;jet_parallax_layout_bg_x_mobile&quot;:&quot;&quot;,&quot;jet_parallax_layout_bg_y_tablet&quot;:&quot;&quot;,&quot;jet_parallax_layout_bg_y_mobile&quot;:&quot;&quot;,&quot;jet_parallax_layout_bg_size_tablet&quot;:&quot;&quot;,&quot;jet_parallax_layout_bg_size_mobile&quot;:&quot;&quot;}]}\">\n\t\t\t\t\t\t<div class=\"elementor-container elementor-column-gap-default\">\n\t\t\t\t\t<div class=\"elementor-column elementor-col-100 elementor-top-column elementor-element elementor-element-1e718b4\" data-id=\"1e718b4\" data-element_type=\"column\">\n\t\t\t<div class=\"elementor-widget-wrap elementor-element-populated\">\n\t\t\t\t\t\t<div class=\"elementor-element elementor-element-b090043 elementor-widget elementor-widget-text-editor\" data-id=\"b090043\" data-element_type=\"widget\" data-widget_type=\"text-editor.default\">\n\t\t\t\t<div class=\"elementor-widget-container\">\n\t\t\t\t\t\t\t\t\t<p>AVISO LEGAL<\/p><p>En cumplimiento de la ley 34\/2002, de 11 de julio, de Servicios de la Sociedad de la Informaci\u00f3n y de Comercio Electr\u00f3nico, se pone a disposici\u00f3n de usuarios la siguientes informaci\u00f3n acerca del titular del sitio web https:\/\/www.proyectohombreprovinciacadiz.org\u00a0<\/p><p>El presente aviso legal regula el uso del servicio de la p\u00e1gina que Fundaci\u00f3n CESJE Proyecto Hombre (Provincia de C\u00e1diz) con CIF n\u00famero G11631686, e inscrita en el Registro del Instituto Andaluz de Servicios Sociales de la Junta de Andaluc\u00eda, con el n\u00famero 1705 de la Secci\u00f3n Primera de Asociaciones.<\/p><p>\u2022 Direcci\u00f3n: C\/ Corredera, n\u00ba 25 11402-Jerez de la Frontera (C\u00e1diz).<br \/>\u2022 Tel\u00e9fonos: +34 956 18 74.<br \/>\u2022 Fax: +34 956 18 32 76.<br \/>\u2022 E-mail : sede@proyectohombreprovinciacadiz.org<\/p><p>Propiedad intelectual e Industrial:<\/p><p>Los derechos de propiedad intelectual de la p\u00e1gina web, su c\u00f3digo fuente, dise\u00f1o, estructura de navegaci\u00f3n, bases de datos y los distintos elementos en \u00e9l contenidos (im\u00e1genes, ficheros, logos y cualquier otro elemento susceptible de protecci\u00f3n) son titularidad de Fundaci\u00f3n CESJE Proyecto Hombre (Provincia de C\u00e1diz) a quien corresponde el ejercicio exclusivo de los derechos de explotaci\u00f3n de los mismos en cualquier forma y, en especial, los derechos de reproducci\u00f3n, distribuci\u00f3n, comunicaci\u00f3n p\u00fablica y transformaci\u00f3n.<\/p><p>Est\u00e1n prohibidas la reproducci\u00f3n, transformaci\u00f3n, distribuci\u00f3n, comunicaci\u00f3n p\u00fablica, puesta a disposici\u00f3n del p\u00fablico y, en general cualquier otra forma de explotaci\u00f3n, parcial o total de los elementos referidos en el apartado anterior. Estos actos de explotaci\u00f3n s\u00f3lo podr\u00e1n ser realizados en virtud de autorizaci\u00f3n expresa de la Fundaci\u00f3n y que, en todo caso, deber\u00e1n hacer referencia expl\u00edcita a la titularidad de los citados derechos de propiedad intelectual de Fundaci\u00f3n CESJE Proyecto Hombre (Provincia de C\u00e1diz).<\/p><p>Respecto a las citas de productos y servicios de terceros se reconoce a favor de sus titulares los correspondientes derechos de propiedad industrial e intelectual, no implicando su sola menci\u00f3n o aparici\u00f3n en la Web la existencia de derechos o responsabilidad alguna sobre los mismos, como tampoco respaldo, patrocinio o recomendaci\u00f3n a no ser que se manifieste de manera expresa.<\/p><p>La utilizaci\u00f3n no autorizada de la informaci\u00f3n contenida en la Web as\u00ed como la lesi\u00f3n de los derechos de Propiedad Intelectual e Industrial de Fundaci\u00f3n CESJE Proyecto Hombre (Provincia de C\u00e1diz) dar\u00e1 lugar a las responsabilidades legalmente establecidas.<\/p><p>Contenidos propios de Fundaci\u00f3n CESJE Proyecto Hombre (Provincia de C\u00e1diz):<br \/>Esta web contiene materiales preparados por la Fundaci\u00f3n con car\u00e1cter informativo, pudiendo ser modificados, desarrollados o actualizados sin previo aviso.<\/p><p>La documentaci\u00f3n insertada puede no reflejar el estado legislativo o jurisprudencial m\u00e1s actual. La Fundaci\u00f3n CESJE Proyecto Hombre (Provincia de C\u00e1diz) no se responsabiliza de los posibles errores, variaciones u omisiones que pudieran apreciarse, as\u00ed como del uso que de estos documentos se haga. Aconsejamos, la consulta de los boletines o diarios oficiales, as\u00ed como las fuentes informativas de las cuales se hayan obtenido las noticias.<\/p><p>Los enlaces que contiene esta p\u00e1gina web pueden conducir al usuario a otros sitios y p\u00e1ginas web de terceros sobre las que la Fundaci\u00f3n no ejerce ning\u00fan tipo de control ni responde de los contenidos y estado de las webs de enlace.<\/p><p>La Fundaci\u00f3n CESJE Proyecto Hombre (Provincia de C\u00e1diz) no garantiza la ausencia de virus u otros elementos lesivos que pudieran causar da\u00f1os o alteraciones en el sistema inform\u00e1tico, de manera que no responde por los da\u00f1os y perjuicios que estos elementos pudieran ocasionar al usuario o terceros.<\/p><p>Todo enlace de terceros a la Web debe serlo a su p\u00e1gina principal, quedando expresamente prohibidos los \u201clinks profundos\u201d, el \u201cframing\u201d y cualquier otro aprovechamiento de los contenidos de la Web a favor de terceros no autorizados.<\/p><p>RESPONSABILIDAD<br \/>La Fundaci\u00f3n CESJE Proyecto Hombre (Provincia de C\u00e1diz) no se hace responsable en ning\u00fan caso de ning\u00fan da\u00f1o que se pudiera causar a un tercero por los usuarios de la web como consecuencia del uso ilegal o inadecuado del mismo, ni como consecuencia de los contenidos e informaciones accesibles o facilitadas a trav\u00e9s de ella, ni de los sitios vinculados a la misma. Los responsables ser\u00e1n los usuarios o terceros causantes de los da\u00f1os.<br \/>Las eventuales referencias que se hagan en la web a cualquier producto, servicio, proceso, enlace, hipertexto o cualquier otra informaci\u00f3n, utilizando la marca, el nombre comercial, o el nombre del fabricante o suministrador, que sean de titularidad de terceros, no constituye ni implica respaldo, patrocinio o recomendaci\u00f3n por parte de la Fundaci\u00f3n.<br \/>La Fundaci\u00f3n CESJE Proyecto Hombre (Provincia de C\u00e1diz) no garantiza la disponibilidad y continuidad del funcionamiento de la web y de los servicios, por lo que no ser\u00e1 responsable de los da\u00f1os y perjuicios que se pudieran causar como consecuencia de la falta de disponibilidad y\/o continuidad.<\/p><p>La Fundaci\u00f3n CESJE Proyecto Hombre (Provincia de C\u00e1diz) no garantiza la ausencia de virus en los servicios y contenidos de la web, ya sean prestados directamente o por terceros, incluidas las conexiones a trav\u00e9s de \u00ablinks\u00bb, por lo que no ser\u00e1 responsable de los da\u00f1os y perjuicios que se puedan causar como consecuencia de la existencia de dichos virus.<\/p><p>La Fundaci\u00f3n CESJE Proyecto Hombre (Provincia de C\u00e1diz) no garantiza la licitud, fiabilidad, utilidad, veracidad, exactitud, exhaustividad y actualidad de los contenidos y servicios de la web prestados por terceros, incluidos los \u00ablinks\u00bb, por lo que no ser\u00e1 responsable de los da\u00f1os y perjuicios que pudieran sufrir los usuarios como consecuencia de la ilicitud, no fiabilidad, inutilidad, inexactitud, falta de veracidad, no exhaustividad y\/o no actualidad de los servicios y\/o contenidos que los usuarios incluyan directamente en esta web.<\/p>\t\t\t\t\t\t\t\t<\/div>\n\t\t\t\t<\/div>\n\t\t\t\t\t<\/div>\n\t\t<\/div>\n\t\t\t\t\t<\/div>\n\t\t<\/section>\n\t\t\t\t<\/div>\n\t\t","protected":false},"excerpt":{"rendered":"<p>AVISO LEGAL En cumplimiento de la ley 34\/2002, de 11 de julio, de Servicios de la Sociedad de la Informaci\u00f3n y de Comercio Electr\u00f3nico, se pone a disposici\u00f3n de usuarios la siguientes informaci\u00f3n acerca del titular del sitio web https:\/\/www.proyectohombreprovinciacadiz.org\u00a0 El presente aviso legal regula el uso del servicio de la p\u00e1gina que Fundaci\u00f3n CESJE &#8230; <a title=\"Aviso legal\" class=\"read-more\" href=\"https:\/\/www.proyectohombreprovinciacadiz.org\/index.php\/aviso-legal\/\" aria-label=\"M\u00e1s en Aviso legal\">Leer m\u00e1s<\/a><\/p>\n","protected":false},"author":1,"featured_media":0,"parent":0,"menu_order":0,"comment_status":"closed","ping_status":"closed","template":"","meta":{"footnotes":""},"class_list":["post-854","page","type-page","status-publish"],"_links":{"self":[{"href":"https:\/\/www.proyectohombreprovinciacadiz.org\/index.php\/wp-json\/wp\/v2\/pages\/854","targetHints":{"allow":["GET"]}}],"collection":[{"href":"https:\/\/www.proyectohombreprovinciacadiz.org\/index.php\/wp-json\/wp\/v2\/pages"}],"about":[{"href":"https:\/\/www.proyectohombreprovinciacadiz.org\/index.php\/wp-json\/wp\/v2\/types\/page"}],"author":[{"embeddable":true,"href":"https:\/\/www.proyectohombreprovinciacadiz.org\/index.php\/wp-json\/wp\/v2\/users\/1"}],"replies":[{"embeddable":true,"href":"https:\/\/www.proyectohombreprovinciacadiz.org\/index.php\/wp-json\/wp\/v2\/comments?post=854"}],"version-history":[{"count":3,"href":"https:\/\/www.proyectohombreprovinciacadiz.org\/index.php\/wp-json\/wp\/v2\/pages\/854\/revisions"}],"predecessor-version":[{"id":866,"href":"https:\/\/www.proyectohombreprovinciacadiz.org\/index.php\/wp-json\/wp\/v2\/pages\/854\/revisions\/866"}],"wp:attachment":[{"href":"https:\/\/www.proyectohombreprovinciacadiz.org\/index.php\/wp-json\/wp\/v2\/media?parent=854"}],"curies":[{"name":"wp","href":"https:\/\/api.w.org\/{rel}","templated":true}]}}